{"id":49,"date":"2025-04-28T13:53:36","date_gmt":"2025-04-28T13:53:36","guid":{"rendered":"https:\/\/supermarketlavictoria.ch\/?page_id=49"},"modified":"2025-04-28T15:20:28","modified_gmt":"2025-04-28T15:20:28","slug":"quienes-somos","status":"publish","type":"page","link":"https:\/\/supermarketlavictoria.ch\/index.php\/quienes-somos\/","title":{"rendered":"Qui\u00e9nes Somos"},"content":{"rendered":"\t\t<div data-elementor-type=\"wp-page\" data-elementor-id=\"49\" class=\"elementor elementor-49\" data-elementor-post-type=\"page\">\n\t\t\t\t\t\t<section class=\"elementor-section elementor-top-section elementor-element elementor-element-886ca2f elementor-section-boxed elementor-section-height-default elementor-section-height-default\" data-id=\"886ca2f\" data-element_type=\"section\">\n\t\t\t\t\t\t<div class=\"elementor-container elementor-column-gap-default\">\n\t\t\t\t\t<div class=\"elementor-column elementor-col-100 elementor-top-column elementor-element elementor-element-f872131\" data-id=\"f872131\" data-element_type=\"column\">\n\t\t\t<div class=\"elementor-widget-wrap elementor-element-populated\">\n\t\t\t\t\t\t<div class=\"elementor-element elementor-element-ce435d7 elementor-widget elementor-widget-heading\" data-id=\"ce435d7\" data-element_type=\"widget\" data-widget_type=\"heading.default\">\n\t\t\t\t<div class=\"elementor-widget-container\">\n\t\t\t\t\t<h1 class=\"elementor-heading-title elementor-size-default\">Qui\u00e9nes Somos<\/h1>\t\t\t\t<\/div>\n\t\t\t\t<\/div>\n\t\t\t\t<div class=\"elementor-element elementor-element-8f04337 elementor-widget elementor-widget-text-editor\" data-id=\"8f04337\" data-element_type=\"widget\" data-widget_type=\"text-editor.default\">\n\t\t\t\t<div class=\"elementor-widget-container\">\n\t\t\t\t\t\t\t\t\t<p>Pasi\u00f3n por la calidad, compromiso con nuestra gente.<\/p>\t\t\t\t\t\t\t\t<\/div>\n\t\t\t\t<\/div>\n\t\t\t\t\t<\/div>\n\t\t<\/div>\n\t\t\t\t\t<\/div>\n\t\t<\/section>\n\t\t\t\t<section class=\"elementor-section elementor-top-section elementor-element elementor-element-e00a338 elementor-section-boxed elementor-section-height-default elementor-section-height-default\" data-id=\"e00a338\" data-element_type=\"section\">\n\t\t\t\t\t\t<div class=\"elementor-container elementor-column-gap-default\">\n\t\t\t\t\t<div class=\"elementor-column elementor-col-50 elementor-top-column elementor-element elementor-element-cb8a1f0\" data-id=\"cb8a1f0\" data-element_type=\"column\">\n\t\t\t<div class=\"elementor-widget-wrap elementor-element-populated\">\n\t\t\t\t\t\t<div class=\"elementor-element elementor-element-eeec3f8 elementor-widget elementor-widget-text-editor\" data-id=\"eeec3f8\" data-element_type=\"widget\" data-widget_type=\"text-editor.default\">\n\t\t\t\t<div class=\"elementor-widget-container\">\n\t\t\t\t\t\t\t\t\t<p>Bienvenidos a SUPERMARKET LA VICTORIA, tu supermercado de confianza en Kanzleistrasse 115, 8004 Z\u00farich. Fundado y gestionado por Carlos Lozano, estamos orgullosos de ofrecer cada d\u00eda una amplia variedad de productos de alta calidad a nuestros clientes.<\/p><p>En SUPERMARKET LA VICTORIA nos comprometemos a brindar un excelente servicio, productos frescos y un ambiente amigable. Ya sea que busques productos b\u00e1sicos, frutas y verduras frescas o art\u00edculos internacionales especiales, aqu\u00ed siempre encontrar\u00e1s lo que necesitas.<\/p><p>Valoramos a nuestra comunidad y trabajamos para que tu experiencia de compra sea f\u00e1cil, c\u00f3moda y satisfactoria.<\/p><p>Para cualquier consulta o pedido especial, no dudes en contactarnos:<br \/>Tel\u00e9fonos: +41 79 103 63 26 \/ +41 78 313 71 00<\/p><p>\u00a1Ven a visitarnos! \u00a1Estamos deseando recibirte!<\/p>\t\t\t\t\t\t\t\t<\/div>\n\t\t\t\t<\/div>\n\t\t\t\t\t<\/div>\n\t\t<\/div>\n\t\t\t\t<div class=\"elementor-column elementor-col-50 elementor-top-column elementor-element elementor-element-bbe4e33\" data-id=\"bbe4e33\" data-element_type=\"column\">\n\t\t\t<div class=\"elementor-widget-wrap elementor-element-populated\">\n\t\t\t\t\t\t<div class=\"elementor-element elementor-element-23b3fae elementor-widget elementor-widget-image\" data-id=\"23b3fae\" data-element_type=\"widget\" data-widget_type=\"image.default\">\n\t\t\t\t<div class=\"elementor-widget-container\">\n\t\t\t\t\t\t\t\t\t\t\t\t\t\t\t<img fetchpriority=\"high\" decoding=\"async\" width=\"600\" height=\"600\" src=\"https:\/\/supermarketlavictoria.ch\/wp-content\/uploads\/2025\/04\/carlos.jpg\" class=\"attachment-large size-large wp-image-26\" alt=\"\" srcset=\"https:\/\/supermarketlavictoria.ch\/wp-content\/uploads\/2025\/04\/carlos.jpg 600w, https:\/\/supermarketlavictoria.ch\/wp-content\/uploads\/2025\/04\/carlos-300x300.jpg 300w, https:\/\/supermarketlavictoria.ch\/wp-content\/uploads\/2025\/04\/carlos-150x150.jpg 150w\" sizes=\"(max-width: 600px) 100vw, 600px\" \/>\t\t\t\t\t\t\t\t\t\t\t\t\t\t\t<\/div>\n\t\t\t\t<\/div>\n\t\t\t\t\t<\/div>\n\t\t<\/div>\n\t\t\t\t\t<\/div>\n\t\t<\/section>\n\t\t\t\t<section class=\"elementor-section elementor-top-section elementor-element elementor-element-98d6841 elementor-section-boxed elementor-section-height-default elementor-section-height-default\" data-id=\"98d6841\" data-element_type=\"section\">\n\t\t\t\t\t\t<div class=\"elementor-container elementor-column-gap-default\">\n\t\t\t\t\t<div class=\"elementor-column elementor-col-100 elementor-top-column elementor-element elementor-element-c487cbb\" data-id=\"c487cbb\" data-element_type=\"column\">\n\t\t\t<div class=\"elementor-widget-wrap elementor-element-populated\">\n\t\t\t\t\t\t<div class=\"elementor-element elementor-element-c7b5073 elementor-widget elementor-widget-heading\" data-id=\"c7b5073\" data-element_type=\"widget\" data-widget_type=\"heading.default\">\n\t\t\t\t<div class=\"elementor-widget-container\">\n\t\t\t\t\t<h1 class=\"elementor-heading-title elementor-size-default\">Donde estamos<\/h1>\t\t\t\t<\/div>\n\t\t\t\t<\/div>\n\t\t\t\t<div class=\"elementor-element elementor-element-da8c85b elementor-widget elementor-widget-text-editor\" data-id=\"da8c85b\" data-element_type=\"widget\" data-widget_type=\"text-editor.default\">\n\t\t\t\t<div class=\"elementor-widget-container\">\n\t\t\t\t\t\t\t\t\tVen a visitarnos y descubre todo lo que hemos preparado para ti. Estamos ubicados en una zona de f\u00e1cil acceso, listos para ofrecerte productos frescos, atenci\u00f3n personalizada y una experiencia de compra que te har\u00e1 sentir como en casa.\t\t\t\t\t\t\t\t<\/div>\n\t\t\t\t<\/div>\n\t\t\t\t\t<\/div>\n\t\t<\/div>\n\t\t\t\t\t<\/div>\n\t\t<\/section>\n\t\t\t\t<section class=\"elementor-section elementor-top-section elementor-element elementor-element-19b93e8 elementor-section-full_width elementor-section-height-default elementor-section-height-default\" data-id=\"19b93e8\" data-element_type=\"section\">\n\t\t\t\t\t\t<div class=\"elementor-container elementor-column-gap-default\">\n\t\t\t\t\t<div class=\"elementor-column elementor-col-100 elementor-top-column elementor-element elementor-element-2603817\" data-id=\"2603817\" data-element_type=\"column\">\n\t\t\t<div class=\"elementor-widget-wrap elementor-element-populated\">\n\t\t\t\t\t\t<div class=\"elementor-element elementor-element-3e587e0 elementor-widget elementor-widget-google_maps\" data-id=\"3e587e0\" data-element_type=\"widget\" data-widget_type=\"google_maps.default\">\n\t\t\t\t<div class=\"elementor-widget-container\">\n\t\t\t\t\t\t\t<div class=\"elementor-custom-embed\">\n\t\t\t<iframe loading=\"lazy\"\n\t\t\t\t\tsrc=\"https:\/\/maps.google.com\/maps?q=Kanzleistrasse%20115%2C%208004%20Z%C3%BCrich&#038;t=m&#038;z=14&#038;output=embed&#038;iwloc=near\"\n\t\t\t\t\ttitle=\"Kanzleistrasse 115, 8004 Z\u00fcrich\"\n\t\t\t\t\taria-label=\"Kanzleistrasse 115, 8004 Z\u00fcrich\"\n\t\t\t><\/iframe>\n\t\t<\/div>\n\t\t\t\t\t\t<\/div>\n\t\t\t\t<\/div>\n\t\t\t\t\t<\/div>\n\t\t<\/div>\n\t\t\t\t\t<\/div>\n\t\t<\/section>\n\t\t\t\t<\/div>\n\t\t","protected":false},"excerpt":{"rendered":"<p>Qui\u00e9nes Somos Pasi\u00f3n por la calidad, compromiso con nuestra gente. Bienvenidos a SUPERMARKET LA VICTORIA, tu supermercado de confianza en Kanzleistrasse 115, 8004 Z\u00farich. Fundado y gestionado por Carlos Lozano, estamos orgullosos de ofrecer cada d\u00eda una amplia variedad de productos de alta calidad a nuestros clientes. En SUPERMARKET LA VICTORIA nos comprometemos a brindar [&hellip;]<\/p>\n","protected":false},"author":1,"featured_media":0,"parent":0,"menu_order":0,"comment_status":"open","ping_status":"closed","template":"","meta":{"footnotes":""},"class_list":["post-49","page","type-page","status-publish","hentry"],"_links":{"self":[{"href":"https:\/\/supermarketlavictoria.ch\/index.php\/wp-json\/wp\/v2\/pages\/49","targetHints":{"allow":["GET"]}}],"collection":[{"href":"https:\/\/supermarketlavictoria.ch\/index.php\/wp-json\/wp\/v2\/pages"}],"about":[{"href":"https:\/\/supermarketlavictoria.ch\/index.php\/wp-json\/wp\/v2\/types\/page"}],"author":[{"embeddable":true,"href":"https:\/\/supermarketlavictoria.ch\/index.php\/wp-json\/wp\/v2\/users\/1"}],"replies":[{"embeddable":true,"href":"https:\/\/supermarketlavictoria.ch\/index.php\/wp-json\/wp\/v2\/comments?post=49"}],"version-history":[{"count":7,"href":"https:\/\/supermarketlavictoria.ch\/index.php\/wp-json\/wp\/v2\/pages\/49\/revisions"}],"predecessor-version":[{"id":167,"href":"https:\/\/supermarketlavictoria.ch\/index.php\/wp-json\/wp\/v2\/pages\/49\/revisions\/167"}],"wp:attachment":[{"href":"https:\/\/supermarketlavictoria.ch\/index.php\/wp-json\/wp\/v2\/media?parent=49"}],"curies":[{"name":"wp","href":"https:\/\/api.w.org\/{rel}","templated":true}]}}