{"id":185,"date":"2025-04-28T15:29:33","date_gmt":"2025-04-28T15:29:33","guid":{"rendered":"https:\/\/supermarketlavictoria.ch\/?page_id=185"},"modified":"2025-04-28T15:29:33","modified_gmt":"2025-04-28T15:29:33","slug":"terminos-y-condiciones-de-uso","status":"publish","type":"page","link":"https:\/\/supermarketlavictoria.ch\/index.php\/terminos-y-condiciones-de-uso\/","title":{"rendered":"T\u00e9rminos y Condiciones de Uso"},"content":{"rendered":"\n<p><strong>\u00daltima actualizaci\u00f3n:<\/strong> abril 2025<\/p>\n\n\n\n<p>El acceso y uso de este sitio web <a class=\"\" href=\"https:\/\/www.supermarketlavictoria.ch\">www.supermarketlavictoria.ch<\/a> se rige por los presentes t\u00e9rminos y condiciones.<\/p>\n\n\n\n<p><strong>1. Identificaci\u00f3n del titular:<\/strong><br>Supermarket La Victoria<br>Kanzleistrasse 115, 8004 Z\u00farich, Suiza<br>Tel\u00e9fonos: +41 79 103 63 26 \/ +41 78 313 71 00<br>Correo electr\u00f3nico: <strong><a class=\"\">info@supermarketlavictoria.ch<\/a><\/strong><\/p>\n\n\n\n<p><strong>2. Objeto:<\/strong><br>Este sitio proporciona informaci\u00f3n sobre nuestros productos y servicios. El acceso implica la aceptaci\u00f3n plena de estos t\u00e9rminos.<\/p>\n\n\n\n<p><strong>3. Propiedad intelectual:<\/strong><br>Todos los contenidos del sitio (textos, im\u00e1genes, logotipos, videos) son propiedad de <strong>Supermarket La Victoria<\/strong> o de terceros autorizados. Est\u00e1 prohibida su reproducci\u00f3n total o parcial sin nuestro consentimiento previo por escrito.<\/p>\n\n\n\n<p><strong>4. Responsabilidad:<\/strong><br>Aunque procuramos mantener actualizada toda la informaci\u00f3n, no garantizamos la exactitud o la disponibilidad permanente de los contenidos. <strong>Supermarket La Victoria<\/strong> no se hace responsable de posibles da\u00f1os derivados del uso del sitio.<\/p>\n\n\n\n<p><strong>5. Uso correcto del sitio:<\/strong><br>El usuario se compromete a utilizar el sitio de forma l\u00edcita, respetuosa y no contraria a la buena fe ni al orden p\u00fablico.<\/p>\n\n\n\n<p><strong>6. Protecci\u00f3n de datos:<\/strong><br>El tratamiento de los datos personales se realiza conforme a nuestra [Pol\u00edtica de Privacidad].<\/p>\n\n\n\n<p><strong>7. Modificaciones:<\/strong><br>Nos reservamos el derecho de modificar en cualquier momento estos t\u00e9rminos. Las modificaciones se publicar\u00e1n oportunamente en el sitio web.<\/p>\n\n\n\n<p><strong>8. Jurisdicci\u00f3n y ley aplicable:<\/strong><br>Estos t\u00e9rminos se rigen por el derecho suizo. Cualquier disputa relacionada con el uso del sitio ser\u00e1 competencia de los tribunales de Z\u00farich.<\/p>\n","protected":false},"excerpt":{"rendered":"<p>\u00daltima actualizaci\u00f3n: abril 2025 El acceso y uso de este sitio web www.supermarketlavictoria.ch se rige por los presentes t\u00e9rminos y condiciones. 1. Identificaci\u00f3n del titular:Supermarket La VictoriaKanzleistrasse 115, 8004 Z\u00farich, SuizaTel\u00e9fonos: +41 79 103 63 26 \/ +41 78 313 71 00Correo electr\u00f3nico: info@supermarketlavictoria.ch 2. Objeto:Este sitio proporciona informaci\u00f3n sobre nuestros productos y servicios. El [&hellip;]<\/p>\n","protected":false},"author":1,"featured_media":0,"parent":0,"menu_order":0,"comment_status":"closed","ping_status":"closed","template":"","meta":{"footnotes":""},"class_list":["post-185","page","type-page","status-publish","hentry"],"_links":{"self":[{"href":"https:\/\/supermarketlavictoria.ch\/index.php\/wp-json\/wp\/v2\/pages\/185","targetHints":{"allow":["GET"]}}],"collection":[{"href":"https:\/\/supermarketlavictoria.ch\/index.php\/wp-json\/wp\/v2\/pages"}],"about":[{"href":"https:\/\/supermarketlavictoria.ch\/index.php\/wp-json\/wp\/v2\/types\/page"}],"author":[{"embeddable":true,"href":"https:\/\/supermarketlavictoria.ch\/index.php\/wp-json\/wp\/v2\/users\/1"}],"replies":[{"embeddable":true,"href":"https:\/\/supermarketlavictoria.ch\/index.php\/wp-json\/wp\/v2\/comments?post=185"}],"version-history":[{"count":1,"href":"https:\/\/supermarketlavictoria.ch\/index.php\/wp-json\/wp\/v2\/pages\/185\/revisions"}],"predecessor-version":[{"id":186,"href":"https:\/\/supermarketlavictoria.ch\/index.php\/wp-json\/wp\/v2\/pages\/185\/revisions\/186"}],"wp:attachment":[{"href":"https:\/\/supermarketlavictoria.ch\/index.php\/wp-json\/wp\/v2\/media?parent=185"}],"curies":[{"name":"wp","href":"https:\/\/api.w.org\/{rel}","templated":true}]}}