{"id":143,"date":"2025-04-28T15:14:11","date_gmt":"2025-04-28T15:14:11","guid":{"rendered":"https:\/\/supermarketlavictoria.ch\/?page_id=143"},"modified":"2025-04-28T15:20:45","modified_gmt":"2025-04-28T15:20:45","slug":"productos","status":"publish","type":"page","link":"https:\/\/supermarketlavictoria.ch\/index.php\/productos\/","title":{"rendered":"Productos"},"content":{"rendered":"\t\t<div data-elementor-type=\"wp-page\" data-elementor-id=\"143\" class=\"elementor elementor-143\" data-elementor-post-type=\"page\">\n\t\t\t\t\t\t<section class=\"elementor-section elementor-top-section elementor-element elementor-element-92772f7 elementor-section-boxed elementor-section-height-default elementor-section-height-default\" data-id=\"92772f7\" data-element_type=\"section\">\n\t\t\t\t\t\t<div class=\"elementor-container elementor-column-gap-default\">\n\t\t\t\t\t<div class=\"elementor-column elementor-col-100 elementor-top-column elementor-element elementor-element-05d8b3b\" data-id=\"05d8b3b\" data-element_type=\"column\">\n\t\t\t<div class=\"elementor-widget-wrap elementor-element-populated\">\n\t\t\t\t\t\t<div class=\"elementor-element elementor-element-13aa7f0 elementor-widget elementor-widget-heading\" data-id=\"13aa7f0\" data-element_type=\"widget\" data-widget_type=\"heading.default\">\n\t\t\t\t<div class=\"elementor-widget-container\">\n\t\t\t\t\t<h1 class=\"elementor-heading-title elementor-size-default\">Productos<\/h1>\t\t\t\t<\/div>\n\t\t\t\t<\/div>\n\t\t\t\t<div class=\"elementor-element elementor-element-6c5478f elementor-widget elementor-widget-text-editor\" data-id=\"6c5478f\" data-element_type=\"widget\" data-widget_type=\"text-editor.default\">\n\t\t\t\t<div class=\"elementor-widget-container\">\n\t\t\t\t\t\t\t\t\tProductos seleccionados con amor para ti y los tuyos.\t\t\t\t\t\t\t\t<\/div>\n\t\t\t\t<\/div>\n\t\t\t\t\t<\/div>\n\t\t<\/div>\n\t\t\t\t\t<\/div>\n\t\t<\/section>\n\t\t\t\t<section class=\"elementor-section elementor-top-section elementor-element elementor-element-90e66c4 elementor-section-boxed elementor-section-height-default elementor-section-height-default\" data-id=\"90e66c4\" data-element_type=\"section\">\n\t\t\t\t\t\t<div class=\"elementor-container elementor-column-gap-default\">\n\t\t\t\t\t<div class=\"elementor-column elementor-col-100 elementor-top-column elementor-element elementor-element-0cb1c7d\" data-id=\"0cb1c7d\" data-element_type=\"column\">\n\t\t\t<div class=\"elementor-widget-wrap elementor-element-populated\">\n\t\t\t\t\t\t<div class=\"elementor-element elementor-element-b03114f elementor-widget elementor-widget-text-editor\" data-id=\"b03114f\" data-element_type=\"widget\" data-widget_type=\"text-editor.default\">\n\t\t\t\t<div class=\"elementor-widget-container\">\n\t\t\t\t\t\t\t\t\t<p>En nuestro supermercado, cada producto ha sido elegido pensando en tu bienestar y en el de tu familia. Trabajamos cada d\u00eda para ofrecerte una amplia variedad de alimentos frescos, productos de calidad, marcas de confianza y opciones para todos los gustos y necesidades.<\/p><p>Desde frutas y verduras reci\u00e9n cosechadas, carnes y pescados de primera calidad, hasta panader\u00eda artesanal, bebidas, productos para el hogar y mucho m\u00e1s. Nuestro compromiso es brindarte lo mejor en cada categor\u00eda, garantizando frescura, sabor y precios justos.<\/p><p>Descubre nuestras secciones especiales, aprovecha nuestras promociones semanales y disfruta de una experiencia de compra que combina calidad, cercan\u00eda y atenci\u00f3n personalizada.<\/p><p>\u00a1Todo lo que necesitas, en un solo lugar!<\/p>\t\t\t\t\t\t\t\t<\/div>\n\t\t\t\t<\/div>\n\t\t\t\t\t<\/div>\n\t\t<\/div>\n\t\t\t\t\t<\/div>\n\t\t<\/section>\n\t\t\t\t<section class=\"elementor-section elementor-top-section elementor-element elementor-element-43c6d7f elementor-section-boxed elementor-section-height-default elementor-section-height-default\" data-id=\"43c6d7f\" data-element_type=\"section\">\n\t\t\t\t\t\t<div class=\"elementor-container elementor-column-gap-default\">\n\t\t\t\t\t<div class=\"elementor-column elementor-col-25 elementor-top-column elementor-element elementor-element-bbfeda1\" data-id=\"bbfeda1\" data-element_type=\"column\">\n\t\t\t<div class=\"elementor-widget-wrap elementor-element-populated\">\n\t\t\t\t\t\t<div class=\"elementor-element elementor-element-5325af5 elementor-widget elementor-widget-image\" data-id=\"5325af5\" data-element_type=\"widget\" data-widget_type=\"image.default\">\n\t\t\t\t<div class=\"elementor-widget-container\">\n\t\t\t\t\t\t\t\t\t\t\t\t\t\t\t<img fetchpriority=\"high\" decoding=\"async\" width=\"536\" height=\"600\" src=\"https:\/\/supermarketlavictoria.ch\/wp-content\/uploads\/2025\/04\/vegetali.jpg\" class=\"attachment-medium_large size-medium_large wp-image-85\" alt=\"\" srcset=\"https:\/\/supermarketlavictoria.ch\/wp-content\/uploads\/2025\/04\/vegetali.jpg 536w, https:\/\/supermarketlavictoria.ch\/wp-content\/uploads\/2025\/04\/vegetali-268x300.jpg 268w\" sizes=\"(max-width: 536px) 100vw, 536px\" \/>\t\t\t\t\t\t\t\t\t\t\t\t\t\t\t<\/div>\n\t\t\t\t<\/div>\n\t\t\t\t<div class=\"elementor-element elementor-element-c064d25 elementor-widget elementor-widget-heading\" data-id=\"c064d25\" data-element_type=\"widget\" data-widget_type=\"heading.default\">\n\t\t\t\t<div class=\"elementor-widget-container\">\n\t\t\t\t\t<h2 class=\"elementor-heading-title elementor-size-default\">Verduras<\/h2>\t\t\t\t<\/div>\n\t\t\t\t<\/div>\n\t\t\t\t\t<\/div>\n\t\t<\/div>\n\t\t\t\t<div class=\"elementor-column elementor-col-25 elementor-top-column elementor-element elementor-element-f25d46c\" data-id=\"f25d46c\" data-element_type=\"column\">\n\t\t\t<div class=\"elementor-widget-wrap elementor-element-populated\">\n\t\t\t\t\t\t<div class=\"elementor-element elementor-element-7c6be89 elementor-widget elementor-widget-image\" data-id=\"7c6be89\" data-element_type=\"widget\" data-widget_type=\"image.default\">\n\t\t\t\t<div class=\"elementor-widget-container\">\n\t\t\t\t\t\t\t\t\t\t\t\t\t\t\t<img decoding=\"async\" width=\"536\" height=\"600\" src=\"https:\/\/supermarketlavictoria.ch\/wp-content\/uploads\/2025\/04\/bread.jpg\" class=\"attachment-medium_large size-medium_large wp-image-84\" alt=\"\" srcset=\"https:\/\/supermarketlavictoria.ch\/wp-content\/uploads\/2025\/04\/bread.jpg 536w, https:\/\/supermarketlavictoria.ch\/wp-content\/uploads\/2025\/04\/bread-268x300.jpg 268w\" sizes=\"(max-width: 536px) 100vw, 536px\" \/>\t\t\t\t\t\t\t\t\t\t\t\t\t\t\t<\/div>\n\t\t\t\t<\/div>\n\t\t\t\t<div class=\"elementor-element elementor-element-49ec558 elementor-widget elementor-widget-heading\" data-id=\"49ec558\" data-element_type=\"widget\" data-widget_type=\"heading.default\">\n\t\t\t\t<div class=\"elementor-widget-container\">\n\t\t\t\t\t<h2 class=\"elementor-heading-title elementor-size-default\">Panader\u00eda y Reposter\u00eda<\/h2>\t\t\t\t<\/div>\n\t\t\t\t<\/div>\n\t\t\t\t\t<\/div>\n\t\t<\/div>\n\t\t\t\t<div class=\"elementor-column elementor-col-25 elementor-top-column elementor-element elementor-element-7aa0218\" data-id=\"7aa0218\" data-element_type=\"column\">\n\t\t\t<div class=\"elementor-widget-wrap elementor-element-populated\">\n\t\t\t\t\t\t<div class=\"elementor-element elementor-element-b22d27a elementor-widget elementor-widget-image\" data-id=\"b22d27a\" data-element_type=\"widget\" data-widget_type=\"image.default\">\n\t\t\t\t<div class=\"elementor-widget-container\">\n\t\t\t\t\t\t\t\t\t\t\t\t\t\t\t<img decoding=\"async\" width=\"536\" height=\"600\" src=\"https:\/\/supermarketlavictoria.ch\/wp-content\/uploads\/2025\/04\/meat.jpg\" class=\"attachment-medium_large size-medium_large wp-image-83\" alt=\"\" srcset=\"https:\/\/supermarketlavictoria.ch\/wp-content\/uploads\/2025\/04\/meat.jpg 536w, https:\/\/supermarketlavictoria.ch\/wp-content\/uploads\/2025\/04\/meat-268x300.jpg 268w\" sizes=\"(max-width: 536px) 100vw, 536px\" \/>\t\t\t\t\t\t\t\t\t\t\t\t\t\t\t<\/div>\n\t\t\t\t<\/div>\n\t\t\t\t<div class=\"elementor-element elementor-element-b4a66af elementor-widget elementor-widget-heading\" data-id=\"b4a66af\" data-element_type=\"widget\" data-widget_type=\"heading.default\">\n\t\t\t\t<div class=\"elementor-widget-container\">\n\t\t\t\t\t<h2 class=\"elementor-heading-title elementor-size-default\">Carne y Aves<\/h2>\t\t\t\t<\/div>\n\t\t\t\t<\/div>\n\t\t\t\t\t<\/div>\n\t\t<\/div>\n\t\t\t\t<div class=\"elementor-column elementor-col-25 elementor-top-column elementor-element elementor-element-d1995ba\" data-id=\"d1995ba\" data-element_type=\"column\">\n\t\t\t<div class=\"elementor-widget-wrap elementor-element-populated\">\n\t\t\t\t\t\t<div class=\"elementor-element elementor-element-06d20ac elementor-widget elementor-widget-image\" data-id=\"06d20ac\" data-element_type=\"widget\" data-widget_type=\"image.default\">\n\t\t\t\t<div class=\"elementor-widget-container\">\n\t\t\t\t\t\t\t\t\t\t\t\t\t\t\t<img loading=\"lazy\" decoding=\"async\" width=\"536\" height=\"600\" src=\"https:\/\/supermarketlavictoria.ch\/wp-content\/uploads\/2025\/04\/beverage.jpg\" class=\"attachment-medium_large size-medium_large wp-image-82\" alt=\"\" srcset=\"https:\/\/supermarketlavictoria.ch\/wp-content\/uploads\/2025\/04\/beverage.jpg 536w, https:\/\/supermarketlavictoria.ch\/wp-content\/uploads\/2025\/04\/beverage-268x300.jpg 268w\" sizes=\"(max-width: 536px) 100vw, 536px\" \/>\t\t\t\t\t\t\t\t\t\t\t\t\t\t\t<\/div>\n\t\t\t\t<\/div>\n\t\t\t\t<div class=\"elementor-element elementor-element-f30ad44 elementor-widget elementor-widget-heading\" data-id=\"f30ad44\" data-element_type=\"widget\" data-widget_type=\"heading.default\">\n\t\t\t\t<div class=\"elementor-widget-container\">\n\t\t\t\t\t<h2 class=\"elementor-heading-title elementor-size-default\">Bebidas<\/h2>\t\t\t\t<\/div>\n\t\t\t\t<\/div>\n\t\t\t\t\t<\/div>\n\t\t<\/div>\n\t\t\t\t\t<\/div>\n\t\t<\/section>\n\t\t\t\t<section class=\"elementor-section elementor-top-section elementor-element elementor-element-032e4e9 elementor-section-boxed elementor-section-height-default elementor-section-height-default\" data-id=\"032e4e9\" data-element_type=\"section\">\n\t\t\t\t\t\t<div class=\"elementor-container elementor-column-gap-default\">\n\t\t\t\t\t<div class=\"elementor-column elementor-col-25 elementor-top-column elementor-element elementor-element-b9a7ea0\" data-id=\"b9a7ea0\" data-element_type=\"column\">\n\t\t\t<div class=\"elementor-widget-wrap elementor-element-populated\">\n\t\t\t\t\t\t<div class=\"elementor-element elementor-element-24483d3 elementor-widget elementor-widget-image\" data-id=\"24483d3\" data-element_type=\"widget\" data-widget_type=\"image.default\">\n\t\t\t\t<div class=\"elementor-widget-container\">\n\t\t\t\t\t\t\t\t\t\t\t\t\t\t\t<img loading=\"lazy\" decoding=\"async\" width=\"536\" height=\"600\" src=\"https:\/\/supermarketlavictoria.ch\/wp-content\/uploads\/2025\/04\/embut_2.jpg\" class=\"attachment-medium_large size-medium_large wp-image-98\" alt=\"\" srcset=\"https:\/\/supermarketlavictoria.ch\/wp-content\/uploads\/2025\/04\/embut_2.jpg 536w, https:\/\/supermarketlavictoria.ch\/wp-content\/uploads\/2025\/04\/embut_2-268x300.jpg 268w\" sizes=\"(max-width: 536px) 100vw, 536px\" \/>\t\t\t\t\t\t\t\t\t\t\t\t\t\t\t<\/div>\n\t\t\t\t<\/div>\n\t\t\t\t<div class=\"elementor-element elementor-element-c970dca elementor-widget elementor-widget-heading\" data-id=\"c970dca\" data-element_type=\"widget\" data-widget_type=\"heading.default\">\n\t\t\t\t<div class=\"elementor-widget-container\">\n\t\t\t\t\t<h2 class=\"elementor-heading-title elementor-size-default\">Embutidos y Fiambres<\/h2>\t\t\t\t<\/div>\n\t\t\t\t<\/div>\n\t\t\t\t\t<\/div>\n\t\t<\/div>\n\t\t\t\t<div class=\"elementor-column elementor-col-25 elementor-top-column elementor-element elementor-element-392643a\" data-id=\"392643a\" data-element_type=\"column\">\n\t\t\t<div class=\"elementor-widget-wrap elementor-element-populated\">\n\t\t\t\t\t\t<div class=\"elementor-element elementor-element-210d77a elementor-widget elementor-widget-image\" data-id=\"210d77a\" data-element_type=\"widget\" data-widget_type=\"image.default\">\n\t\t\t\t<div class=\"elementor-widget-container\">\n\t\t\t\t\t\t\t\t\t\t\t\t\t\t\t<img loading=\"lazy\" decoding=\"async\" width=\"536\" height=\"600\" src=\"https:\/\/supermarketlavictoria.ch\/wp-content\/uploads\/2025\/04\/snack-chips.jpg\" class=\"attachment-medium_large size-medium_large wp-image-81\" alt=\"\" srcset=\"https:\/\/supermarketlavictoria.ch\/wp-content\/uploads\/2025\/04\/snack-chips.jpg 536w, https:\/\/supermarketlavictoria.ch\/wp-content\/uploads\/2025\/04\/snack-chips-268x300.jpg 268w\" sizes=\"(max-width: 536px) 100vw, 536px\" \/>\t\t\t\t\t\t\t\t\t\t\t\t\t\t\t<\/div>\n\t\t\t\t<\/div>\n\t\t\t\t<div class=\"elementor-element elementor-element-891dd72 elementor-widget elementor-widget-heading\" data-id=\"891dd72\" data-element_type=\"widget\" data-widget_type=\"heading.default\">\n\t\t\t\t<div class=\"elementor-widget-container\">\n\t\t\t\t\t<h2 class=\"elementor-heading-title elementor-size-default\">Apertivos<\/h2>\t\t\t\t<\/div>\n\t\t\t\t<\/div>\n\t\t\t\t\t<\/div>\n\t\t<\/div>\n\t\t\t\t<div class=\"elementor-column elementor-col-25 elementor-top-column elementor-element elementor-element-0a651b4\" data-id=\"0a651b4\" data-element_type=\"column\">\n\t\t\t<div class=\"elementor-widget-wrap elementor-element-populated\">\n\t\t\t\t\t\t<div class=\"elementor-element elementor-element-bdb5987 elementor-widget elementor-widget-image\" data-id=\"bdb5987\" data-element_type=\"widget\" data-widget_type=\"image.default\">\n\t\t\t\t<div class=\"elementor-widget-container\">\n\t\t\t\t\t\t\t\t\t\t\t\t\t\t\t<img loading=\"lazy\" decoding=\"async\" width=\"536\" height=\"600\" src=\"https:\/\/supermarketlavictoria.ch\/wp-content\/uploads\/2025\/04\/limpieza.jpg\" class=\"attachment-large size-large wp-image-91\" alt=\"\" srcset=\"https:\/\/supermarketlavictoria.ch\/wp-content\/uploads\/2025\/04\/limpieza.jpg 536w, https:\/\/supermarketlavictoria.ch\/wp-content\/uploads\/2025\/04\/limpieza-268x300.jpg 268w\" sizes=\"(max-width: 536px) 100vw, 536px\" \/>\t\t\t\t\t\t\t\t\t\t\t\t\t\t\t<\/div>\n\t\t\t\t<\/div>\n\t\t\t\t<div class=\"elementor-element elementor-element-a4cb6e2 elementor-widget elementor-widget-heading\" data-id=\"a4cb6e2\" data-element_type=\"widget\" data-widget_type=\"heading.default\">\n\t\t\t\t<div class=\"elementor-widget-container\">\n\t\t\t\t\t<h2 class=\"elementor-heading-title elementor-size-default\">Productos de Limpieza<\/h2>\t\t\t\t<\/div>\n\t\t\t\t<\/div>\n\t\t\t\t\t<\/div>\n\t\t<\/div>\n\t\t\t\t<div class=\"elementor-column elementor-col-25 elementor-top-column elementor-element elementor-element-9f71870\" data-id=\"9f71870\" data-element_type=\"column\">\n\t\t\t<div class=\"elementor-widget-wrap elementor-element-populated\">\n\t\t\t\t\t\t<div class=\"elementor-element elementor-element-be12fb0 elementor-widget elementor-widget-image\" data-id=\"be12fb0\" data-element_type=\"widget\" data-widget_type=\"image.default\">\n\t\t\t\t<div class=\"elementor-widget-container\">\n\t\t\t\t\t\t\t\t\t\t\t\t\t\t\t<img loading=\"lazy\" decoding=\"async\" width=\"536\" height=\"600\" src=\"https:\/\/supermarketlavictoria.ch\/wp-content\/uploads\/2025\/04\/cuidado_personal.jpg\" class=\"attachment-large size-large wp-image-97\" alt=\"\" srcset=\"https:\/\/supermarketlavictoria.ch\/wp-content\/uploads\/2025\/04\/cuidado_personal.jpg 536w, https:\/\/supermarketlavictoria.ch\/wp-content\/uploads\/2025\/04\/cuidado_personal-268x300.jpg 268w\" sizes=\"(max-width: 536px) 100vw, 536px\" \/>\t\t\t\t\t\t\t\t\t\t\t\t\t\t\t<\/div>\n\t\t\t\t<\/div>\n\t\t\t\t<div class=\"elementor-element elementor-element-fffb67b elementor-widget elementor-widget-heading\" data-id=\"fffb67b\" data-element_type=\"widget\" data-widget_type=\"heading.default\">\n\t\t\t\t<div class=\"elementor-widget-container\">\n\t\t\t\t\t<h2 class=\"elementor-heading-title elementor-size-default\">Cuidado Personal<\/h2>\t\t\t\t<\/div>\n\t\t\t\t<\/div>\n\t\t\t\t\t<\/div>\n\t\t<\/div>\n\t\t\t\t\t<\/div>\n\t\t<\/section>\n\t\t\t\t<section class=\"elementor-section elementor-top-section elementor-element elementor-element-3dda7cf elementor-section-boxed elementor-section-height-default elementor-section-height-default\" data-id=\"3dda7cf\" data-element_type=\"section\">\n\t\t\t\t\t\t<div class=\"elementor-container elementor-column-gap-default\">\n\t\t\t\t\t<div class=\"elementor-column elementor-col-100 elementor-top-column elementor-element elementor-element-ad17898\" data-id=\"ad17898\" data-element_type=\"column\">\n\t\t\t<div class=\"elementor-widget-wrap elementor-element-populated\">\n\t\t\t\t\t\t<div class=\"elementor-element elementor-element-e02b3ce elementor-widget elementor-widget-heading\" data-id=\"e02b3ce\" data-element_type=\"widget\" data-widget_type=\"heading.default\">\n\t\t\t\t<div class=\"elementor-widget-container\">\n\t\t\t\t\t<h1 class=\"elementor-heading-title elementor-size-default\">Donde estamos<\/h1>\t\t\t\t<\/div>\n\t\t\t\t<\/div>\n\t\t\t\t<div class=\"elementor-element elementor-element-132decb elementor-widget elementor-widget-text-editor\" data-id=\"132decb\" data-element_type=\"widget\" data-widget_type=\"text-editor.default\">\n\t\t\t\t<div class=\"elementor-widget-container\">\n\t\t\t\t\t\t\t\t\tVen a visitarnos y descubre todo lo que hemos preparado para ti. Estamos ubicados en una zona de f\u00e1cil acceso, listos para ofrecerte productos frescos, atenci\u00f3n personalizada y una experiencia de compra que te har\u00e1 sentir como en casa.\t\t\t\t\t\t\t\t<\/div>\n\t\t\t\t<\/div>\n\t\t\t\t\t<\/div>\n\t\t<\/div>\n\t\t\t\t\t<\/div>\n\t\t<\/section>\n\t\t\t\t<section class=\"elementor-section elementor-top-section elementor-element elementor-element-cee01c2 elementor-section-full_width elementor-section-height-default elementor-section-height-default\" data-id=\"cee01c2\" data-element_type=\"section\">\n\t\t\t\t\t\t<div class=\"elementor-container elementor-column-gap-default\">\n\t\t\t\t\t<div class=\"elementor-column elementor-col-100 elementor-top-column elementor-element elementor-element-3e27687\" data-id=\"3e27687\" data-element_type=\"column\">\n\t\t\t<div class=\"elementor-widget-wrap elementor-element-populated\">\n\t\t\t\t\t\t<div class=\"elementor-element elementor-element-b821869 elementor-widget elementor-widget-google_maps\" data-id=\"b821869\" data-element_type=\"widget\" data-widget_type=\"google_maps.default\">\n\t\t\t\t<div class=\"elementor-widget-container\">\n\t\t\t\t\t\t\t<div class=\"elementor-custom-embed\">\n\t\t\t<iframe loading=\"lazy\"\n\t\t\t\t\tsrc=\"https:\/\/maps.google.com\/maps?q=Kanzleistrasse%20115%2C%208004%20Z%C3%BCrich&#038;t=m&#038;z=14&#038;output=embed&#038;iwloc=near\"\n\t\t\t\t\ttitle=\"Kanzleistrasse 115, 8004 Z\u00fcrich\"\n\t\t\t\t\taria-label=\"Kanzleistrasse 115, 8004 Z\u00fcrich\"\n\t\t\t><\/iframe>\n\t\t<\/div>\n\t\t\t\t\t\t<\/div>\n\t\t\t\t<\/div>\n\t\t\t\t\t<\/div>\n\t\t<\/div>\n\t\t\t\t\t<\/div>\n\t\t<\/section>\n\t\t\t\t<\/div>\n\t\t","protected":false},"excerpt":{"rendered":"<p>Productos Productos seleccionados con amor para ti y los tuyos. En nuestro supermercado, cada producto ha sido elegido pensando en tu bienestar y en el de tu familia. Trabajamos cada d\u00eda para ofrecerte una amplia variedad de alimentos frescos, productos de calidad, marcas de confianza y opciones para todos los gustos y necesidades. Desde frutas [&hellip;]<\/p>\n","protected":false},"author":1,"featured_media":0,"parent":0,"menu_order":0,"comment_status":"closed","ping_status":"closed","template":"","meta":{"footnotes":""},"class_list":["post-143","page","type-page","status-publish","hentry"],"_links":{"self":[{"href":"https:\/\/supermarketlavictoria.ch\/index.php\/wp-json\/wp\/v2\/pages\/143","targetHints":{"allow":["GET"]}}],"collection":[{"href":"https:\/\/supermarketlavictoria.ch\/index.php\/wp-json\/wp\/v2\/pages"}],"about":[{"href":"https:\/\/supermarketlavictoria.ch\/index.php\/wp-json\/wp\/v2\/types\/page"}],"author":[{"embeddable":true,"href":"https:\/\/supermarketlavictoria.ch\/index.php\/wp-json\/wp\/v2\/users\/1"}],"replies":[{"embeddable":true,"href":"https:\/\/supermarketlavictoria.ch\/index.php\/wp-json\/wp\/v2\/comments?post=143"}],"version-history":[{"count":19,"href":"https:\/\/supermarketlavictoria.ch\/index.php\/wp-json\/wp\/v2\/pages\/143\/revisions"}],"predecessor-version":[{"id":170,"href":"https:\/\/supermarketlavictoria.ch\/index.php\/wp-json\/wp\/v2\/pages\/143\/revisions\/170"}],"wp:attachment":[{"href":"https:\/\/supermarketlavictoria.ch\/index.php\/wp-json\/wp\/v2\/media?parent=143"}],"curies":[{"name":"wp","href":"https:\/\/api.w.org\/{rel}","templated":true}]}}